{"id":2246,"date":"2023-04-14T17:02:21","date_gmt":"2023-04-14T15:02:21","guid":{"rendered":"https:\/\/hubertusvet.pl\/pawel-troka\/"},"modified":"2026-04-28T15:13:44","modified_gmt":"2026-04-28T13:13:44","slug":"aleksandra-baciurn","status":"publish","type":"page","link":"https:\/\/hubertusvet.pl\/de\/aleksandra-baciurn\/","title":{"rendered":"Aleksandra Baciurn"},"content":{"rendered":"\t\t<div data-elementor-type=\"wp-page\" data-elementor-id=\"2246\" class=\"elementor elementor-2246 elementor-1248\" data-elementor-post-type=\"page\">\n\t\t\t\t<div class=\"elementor-element elementor-element-5bebda73 e-flex e-con-boxed e-con e-parent\" data-id=\"5bebda73\" data-element_type=\"container\" data-e-type=\"container\">\n\t\t\t\t\t<div class=\"e-con-inner\">\n\t\t\t\t<div class=\"elementor-element elementor-element-3837cdd1 elementor-widget elementor-widget-heading\" data-id=\"3837cdd1\" data-element_type=\"widget\" data-e-type=\"widget\" data-widget_type=\"heading.default\">\n\t\t\t\t<div class=\"elementor-widget-container\">\n\t\t\t\t\t<h2 class=\"elementor-heading-title elementor-size-default\">Team<\/h2>\t\t\t\t<\/div>\n\t\t\t\t<\/div>\n\t\t\t\t<div class=\"elementor-element elementor-element-5ebe2499 elementor-invisible elementor-widget elementor-widget-heading\" data-id=\"5ebe2499\" data-element_type=\"widget\" data-e-type=\"widget\" data-settings=\"{&quot;_animation&quot;:&quot;fadeInRight&quot;}\" data-widget_type=\"heading.default\">\n\t\t\t\t<div class=\"elementor-widget-container\">\n\t\t\t\t\t<h2 class=\"elementor-heading-title elementor-size-default\">Dr.med.vet. \nAleksandra Baciurn<\/h2>\t\t\t\t<\/div>\n\t\t\t\t<\/div>\n\t\t\t\t<div class=\"elementor-element elementor-element-3e3568c7 elementor-widget-divider--view-line elementor-widget elementor-widget-divider\" data-id=\"3e3568c7\" data-element_type=\"widget\" data-e-type=\"widget\" data-widget_type=\"divider.default\">\n\t\t\t\t<div class=\"elementor-widget-container\">\n\t\t\t\t\t\t\t<div class=\"elementor-divider\">\n\t\t\t<span class=\"elementor-divider-separator\">\n\t\t\t\t\t\t<\/span>\n\t\t<\/div>\n\t\t\t\t\t\t<\/div>\n\t\t\t\t<\/div>\n\t\t\t\t\t<\/div>\n\t\t\t\t<\/div>\n\t\t<div class=\"elementor-element elementor-element-4f626e90 e-flex e-con-boxed e-con e-parent\" data-id=\"4f626e90\" data-element_type=\"container\" data-e-type=\"container\">\n\t\t\t\t\t<div class=\"e-con-inner\">\n\t\t<div class=\"elementor-element elementor-element-73dae10f e-con-full e-flex e-con e-child\" data-id=\"73dae10f\" data-element_type=\"container\" data-e-type=\"container\">\n\t\t\t\t<div class=\"elementor-element elementor-element-76cc1433 elementor-widget elementor-widget-text-editor\" data-id=\"76cc1433\" data-element_type=\"widget\" data-e-type=\"widget\" data-widget_type=\"text-editor.default\">\n\t\t\t\t<div class=\"elementor-widget-container\">\n\t\t\t\t\t\t\t\t\t<p>Die Tier\u00e4rztin Aleksandra Baciurn absolvierte ihr Studium der Veterin\u00e4rmedizin an der Universit\u00e4t f\u00fcr Lebenswissenschaften in Lublin. Bereits w\u00e4hrend ihres Studiums entwickelte sie ihr Interesse an der Pferdemedizin, engagierte sich aktiv in der Sektion H\u00fcftchirurgie und absolvierte zahlreiche klinische Praktika im In- und Ausland, unter anderem in der Tierarztpraxis ROSS in Toru\u0144, bei Dr. Anna Biazik, in der Equivet Serwis Klinik in Buk, bei Baker McVeigh Chantilly in Frankreich und in der Pferdeklinik Aschheim in Deutschland.\u00a0Nach ihrem Abschluss absolvierte sie ein Praktikum in der Pferdeklinik Globalwet, wo sie Erfahrung in der Notfallmedizin, der Inneren Medizin und der Reproduktionsmedizin sammelte.<\/p><p>Sie bildet sich kontinuierlich weiter, indem sie an Fortbildungen und Konferenzen teilnimmt, wie beispielsweise der Internationalen H\u00fcftkonferenz der Polnischen Akademie der Wissenschaften (PTH) (2025), der Fortbildung in Pferdean\u00e4sthesiologie (2024) und der internationalen Konferenz \u201eHerausforderungen der Pferdegeriatrie\u201c (2023).\u00a0In ihrer Arbeit legt sie Wert auf Genauigkeit, einen ruhigen Umgang mit den Pferden und eine gute Kommunikation mit dem Besitzer.<\/p><p>Privat ist sie begeisterte Reiterin und lebt einen aktiven Lebensstil \u2013 sie treibt Krafttraining und entdeckt gerne neue Orte.<\/p>\t\t\t\t\t\t\t\t<\/div>\n\t\t\t\t<\/div>\n\t\t\t\t<div class=\"elementor-element elementor-element-2f5ff582 elementor-align-center elementor-widget elementor-widget-button\" data-id=\"2f5ff582\" data-element_type=\"widget\" data-e-type=\"widget\" data-widget_type=\"button.default\">\n\t\t\t\t<div class=\"elementor-widget-container\">\n\t\t\t\t\t\t\t\t\t<div class=\"elementor-button-wrapper\">\n\t\t\t\t\t<a class=\"elementor-button elementor-button-link elementor-size-lg elementor-animation-grow\" href=\"https:\/\/hubertusvet.pl\/de\/#Unser-Team\">\n\t\t\t\t\t\t<span class=\"elementor-button-content-wrapper\">\n\t\t\t\t\t\t<span class=\"elementor-button-icon\">\n\t\t\t\t<i aria-hidden=\"true\" class=\"far fa-arrow-alt-circle-right\"><\/i>\t\t\t<\/span>\n\t\t\t\t\t\t\t\t\t<span class=\"elementor-button-text\">Zur\u00fcck zur Hauptseite<\/span>\n\t\t\t\t\t<\/span>\n\t\t\t\t\t<\/a>\n\t\t\t\t<\/div>\n\t\t\t\t\t\t\t\t<\/div>\n\t\t\t\t<\/div>\n\t\t\t\t<\/div>\n\t\t<div class=\"elementor-element elementor-element-13988017 e-con-full e-flex e-con e-child\" data-id=\"13988017\" data-element_type=\"container\" data-e-type=\"container\">\n\t\t\t\t<div class=\"elementor-element elementor-element-46c5f6bc elementor-widget elementor-widget-image\" data-id=\"46c5f6bc\" data-element_type=\"widget\" data-e-type=\"widget\" data-widget_type=\"image.default\">\n\t\t\t\t<div class=\"elementor-widget-container\">\n\t\t\t\t\t\t\t\t\t\t\t\t\t\t\t<img fetchpriority=\"high\" decoding=\"async\" width=\"600\" height=\"900\" src=\"https:\/\/hubertusvet.pl\/wp-content\/uploads\/2026\/04\/IMG_5029R.jpg\" class=\"attachment-full size-full wp-image-3465\" alt=\"Lek. wet. Aleksandra Baciurn\" srcset=\"https:\/\/hubertusvet.pl\/wp-content\/uploads\/2026\/04\/IMG_5029R.jpg 600w, https:\/\/hubertusvet.pl\/wp-content\/uploads\/2026\/04\/IMG_5029R-200x300.jpg 200w\" sizes=\"(max-width: 600px) 100vw, 600px\" \/>\t\t\t\t\t\t\t\t\t\t\t\t\t\t\t<\/div>\n\t\t\t\t<\/div>\n\t\t\t\t<\/div>\n\t\t\t\t\t<\/div>\n\t\t\t\t<\/div>\n\t\t\t\t<\/div>\n\t\t","protected":false},"excerpt":{"rendered":"<p>Team Dr.med.vet. Aleksandra Baciurn Die Tier\u00e4rztin Aleksandra Baciurn absolvierte ihr Studium der Veterin\u00e4rmedizin an der Universit\u00e4t f\u00fcr Lebenswissenschaften in Lublin. Bereits w\u00e4hrend ihres Studiums entwickelte sie ihr Interesse an der Pferdemedizin, engagierte sich aktiv in der Sektion H\u00fcftchirurgie und absolvierte zahlreiche klinische Praktika im In- und Ausland, unter anderem in der Tierarztpraxis ROSS in Toru\u0144, [&hellip;]<\/p>\n","protected":false},"author":1,"featured_media":0,"parent":0,"menu_order":0,"comment_status":"closed","ping_status":"closed","template":"","meta":{"_acf_changed":false,"site-sidebar-layout":"no-sidebar","site-content-layout":"page-builder","ast-site-content-layout":"default","site-content-style":"default","site-sidebar-style":"default","ast-global-header-display":"","ast-banner-title-visibility":"","ast-main-header-display":"","ast-hfb-above-header-display":"","ast-hfb-below-header-display":"","ast-hfb-mobile-header-display":"","site-post-title":"disabled","ast-breadcrumbs-content":"","ast-featured-img":"disabled","footer-sml-layout":"","ast-disable-related-posts":"","theme-transparent-header-meta":"","adv-header-id-meta":"","stick-header-meta":"","header-above-stick-meta":"","header-main-stick-meta":"","header-below-stick-meta":"","astra-migrate-meta-layouts":"default","ast-page-background-enabled":"default","ast-page-background-meta":{"desktop":{"background-color":"var(--ast-global-color-4)","background-image":"","background-repeat":"repeat","background-position":"center center","background-size":"auto","background-attachment":"scroll","background-type":"","background-media":"","overlay-type":"","overlay-color":"","overlay-opacity":"","overlay-gradient":""},"tablet":{"background-color":"","background-image":"","background-repeat":"repeat","background-position":"center center","background-size":"auto","background-attachment":"scroll","background-type":"","background-media":"","overlay-type":"","overlay-color":"","overlay-opacity":"","overlay-gradient":""},"mobile":{"background-color":"","background-image":"","background-repeat":"repeat","background-position":"center center","background-size":"auto","background-attachment":"scroll","background-type":"","background-media":"","overlay-type":"","overlay-color":"","overlay-opacity":"","overlay-gradient":""}},"ast-content-background-meta":{"desktop":{"background-color":"var(--ast-global-color-5)","background-image":"","background-repeat":"repeat","background-position":"center center","background-size":"auto","background-attachment":"scroll","background-type":"","background-media":"","overlay-type":"","overlay-color":"","overlay-opacity":"","overlay-gradient":""},"tablet":{"background-color":"var(--ast-global-color-5)","background-image":"","background-repeat":"repeat","background-position":"center center","background-size":"auto","background-attachment":"scroll","background-type":"","background-media":"","overlay-type":"","overlay-color":"","overlay-opacity":"","overlay-gradient":""},"mobile":{"background-color":"var(--ast-global-color-5)","background-image":"","background-repeat":"repeat","background-position":"center center","background-size":"auto","background-attachment":"scroll","background-type":"","background-media":"","overlay-type":"","overlay-color":"","overlay-opacity":"","overlay-gradient":""}},"footnotes":""},"class_list":["post-2246","page","type-page","status-publish","hentry"],"acf":[],"yoast_head":"<!-- This site is optimized with the Yoast SEO plugin v27.4 - https:\/\/yoast.com\/product\/yoast-seo-wordpress\/ -->\n<title>Aleksandra Baciurn - Hubertus Vet<\/title>\n<meta name=\"description\" content=\"Lek. wet. Pawe\u0142 Troka zwi\u0105zany z Hubertus Vet od dawna poprzez reguralne odbywanie praktyk w czasie studi\u00f3w oraz sta\u017cu po studiach.\" \/>\n<meta name=\"robots\" content=\"index, follow, max-snippet:-1, max-image-preview:large, max-video-preview:-1\" \/>\n<link rel=\"canonical\" href=\"https:\/\/hubertusvet.pl\/de\/aleksandra-baciurn\/\" \/>\n<meta property=\"og:locale\" content=\"de_DE\" \/>\n<meta property=\"og:type\" content=\"article\" \/>\n<meta property=\"og:title\" content=\"Aleksandra Baciurn - Hubertus Vet\" \/>\n<meta property=\"og:description\" content=\"Lek. wet. Pawe\u0142 Troka zwi\u0105zany z Hubertus Vet od dawna poprzez reguralne odbywanie praktyk w czasie studi\u00f3w oraz sta\u017cu po studiach.\" \/>\n<meta property=\"og:url\" content=\"https:\/\/hubertusvet.pl\/de\/aleksandra-baciurn\/\" \/>\n<meta property=\"og:site_name\" content=\"Hubertus Vet\" \/>\n<meta property=\"article:modified_time\" content=\"2026-04-28T13:13:44+00:00\" \/>\n<meta property=\"og:image\" content=\"https:\/\/hubertusvet.pl\/wp-content\/uploads\/2026\/04\/IMG_5029R.jpg\" \/>\n\t<meta property=\"og:image:width\" content=\"600\" \/>\n\t<meta property=\"og:image:height\" content=\"900\" \/>\n\t<meta property=\"og:image:type\" content=\"image\/jpeg\" \/>\n<meta name=\"twitter:card\" content=\"summary_large_image\" \/>\n<meta name=\"twitter:label1\" content=\"Gesch\u00e4tzte Lesezeit\" \/>\n\t<meta name=\"twitter:data1\" content=\"2\u00a0Minuten\" \/>\n<script type=\"application\/ld+json\" class=\"yoast-schema-graph\">{\"@context\":\"https:\\\/\\\/schema.org\",\"@graph\":[{\"@type\":\"WebPage\",\"@id\":\"https:\\\/\\\/hubertusvet.pl\\\/de\\\/aleksandra-baciurn\\\/\",\"url\":\"https:\\\/\\\/hubertusvet.pl\\\/de\\\/aleksandra-baciurn\\\/\",\"name\":\"Aleksandra Baciurn - Hubertus Vet\",\"isPartOf\":{\"@id\":\"https:\\\/\\\/hubertusvet.pl\\\/#website\"},\"primaryImageOfPage\":{\"@id\":\"https:\\\/\\\/hubertusvet.pl\\\/de\\\/aleksandra-baciurn\\\/#primaryimage\"},\"image\":{\"@id\":\"https:\\\/\\\/hubertusvet.pl\\\/de\\\/aleksandra-baciurn\\\/#primaryimage\"},\"thumbnailUrl\":\"https:\\\/\\\/hubertusvet.pl\\\/wp-content\\\/uploads\\\/2026\\\/04\\\/IMG_5029R.jpg\",\"datePublished\":\"2023-04-14T15:02:21+00:00\",\"dateModified\":\"2026-04-28T13:13:44+00:00\",\"description\":\"Lek. wet. Pawe\u0142 Troka zwi\u0105zany z Hubertus Vet od dawna poprzez reguralne odbywanie praktyk w czasie studi\u00f3w oraz sta\u017cu po studiach.\",\"breadcrumb\":{\"@id\":\"https:\\\/\\\/hubertusvet.pl\\\/de\\\/aleksandra-baciurn\\\/#breadcrumb\"},\"inLanguage\":\"de\",\"potentialAction\":[{\"@type\":\"ReadAction\",\"target\":[\"https:\\\/\\\/hubertusvet.pl\\\/de\\\/aleksandra-baciurn\\\/\"]}]},{\"@type\":\"ImageObject\",\"inLanguage\":\"de\",\"@id\":\"https:\\\/\\\/hubertusvet.pl\\\/de\\\/aleksandra-baciurn\\\/#primaryimage\",\"url\":\"https:\\\/\\\/hubertusvet.pl\\\/wp-content\\\/uploads\\\/2026\\\/04\\\/IMG_5029R.jpg\",\"contentUrl\":\"https:\\\/\\\/hubertusvet.pl\\\/wp-content\\\/uploads\\\/2026\\\/04\\\/IMG_5029R.jpg\"},{\"@type\":\"BreadcrumbList\",\"@id\":\"https:\\\/\\\/hubertusvet.pl\\\/de\\\/aleksandra-baciurn\\\/#breadcrumb\",\"itemListElement\":[{\"@type\":\"ListItem\",\"position\":1,\"name\":\"Strona g\u0142\u00f3wna\",\"item\":\"https:\\\/\\\/hubertusvet.pl\\\/de\\\/\"},{\"@type\":\"ListItem\",\"position\":2,\"name\":\"Aleksandra Baciurn\"}]},{\"@type\":\"WebSite\",\"@id\":\"https:\\\/\\\/hubertusvet.pl\\\/#website\",\"url\":\"https:\\\/\\\/hubertusvet.pl\\\/\",\"name\":\"Hubertus Vet\",\"description\":\"\",\"publisher\":{\"@id\":\"https:\\\/\\\/hubertusvet.pl\\\/#organization\"},\"potentialAction\":[{\"@type\":\"SearchAction\",\"target\":{\"@type\":\"EntryPoint\",\"urlTemplate\":\"https:\\\/\\\/hubertusvet.pl\\\/?s={search_term_string}\"},\"query-input\":{\"@type\":\"PropertyValueSpecification\",\"valueRequired\":true,\"valueName\":\"search_term_string\"}}],\"inLanguage\":\"de\"},{\"@type\":\"Organization\",\"@id\":\"https:\\\/\\\/hubertusvet.pl\\\/#organization\",\"name\":\"Hubertus Vet\",\"url\":\"https:\\\/\\\/hubertusvet.pl\\\/\",\"logo\":{\"@type\":\"ImageObject\",\"inLanguage\":\"de\",\"@id\":\"https:\\\/\\\/hubertusvet.pl\\\/#\\\/schema\\\/logo\\\/image\\\/\",\"url\":\"https:\\\/\\\/hubertusvet.pl\\\/wp-content\\\/uploads\\\/2024\\\/06\\\/Hubertus-Vet-logoN500x300.png\",\"contentUrl\":\"https:\\\/\\\/hubertusvet.pl\\\/wp-content\\\/uploads\\\/2024\\\/06\\\/Hubertus-Vet-logoN500x300.png\",\"width\":500,\"height\":331,\"caption\":\"Hubertus Vet\"},\"image\":{\"@id\":\"https:\\\/\\\/hubertusvet.pl\\\/#\\\/schema\\\/logo\\\/image\\\/\"}}]}<\/script>\n<!-- \/ Yoast SEO plugin. -->","yoast_head_json":{"title":"Aleksandra Baciurn - Hubertus Vet","description":"Lek. wet. Pawe\u0142 Troka zwi\u0105zany z Hubertus Vet od dawna poprzez reguralne odbywanie praktyk w czasie studi\u00f3w oraz sta\u017cu po studiach.","robots":{"index":"index","follow":"follow","max-snippet":"max-snippet:-1","max-image-preview":"max-image-preview:large","max-video-preview":"max-video-preview:-1"},"canonical":"https:\/\/hubertusvet.pl\/de\/aleksandra-baciurn\/","og_locale":"de_DE","og_type":"article","og_title":"Aleksandra Baciurn - Hubertus Vet","og_description":"Lek. wet. Pawe\u0142 Troka zwi\u0105zany z Hubertus Vet od dawna poprzez reguralne odbywanie praktyk w czasie studi\u00f3w oraz sta\u017cu po studiach.","og_url":"https:\/\/hubertusvet.pl\/de\/aleksandra-baciurn\/","og_site_name":"Hubertus Vet","article_modified_time":"2026-04-28T13:13:44+00:00","og_image":[{"width":600,"height":900,"url":"https:\/\/hubertusvet.pl\/wp-content\/uploads\/2026\/04\/IMG_5029R.jpg","type":"image\/jpeg"}],"twitter_card":"summary_large_image","twitter_misc":{"Gesch\u00e4tzte Lesezeit":"2\u00a0Minuten"},"schema":{"@context":"https:\/\/schema.org","@graph":[{"@type":"WebPage","@id":"https:\/\/hubertusvet.pl\/de\/aleksandra-baciurn\/","url":"https:\/\/hubertusvet.pl\/de\/aleksandra-baciurn\/","name":"Aleksandra Baciurn - Hubertus Vet","isPartOf":{"@id":"https:\/\/hubertusvet.pl\/#website"},"primaryImageOfPage":{"@id":"https:\/\/hubertusvet.pl\/de\/aleksandra-baciurn\/#primaryimage"},"image":{"@id":"https:\/\/hubertusvet.pl\/de\/aleksandra-baciurn\/#primaryimage"},"thumbnailUrl":"https:\/\/hubertusvet.pl\/wp-content\/uploads\/2026\/04\/IMG_5029R.jpg","datePublished":"2023-04-14T15:02:21+00:00","dateModified":"2026-04-28T13:13:44+00:00","description":"Lek. wet. Pawe\u0142 Troka zwi\u0105zany z Hubertus Vet od dawna poprzez reguralne odbywanie praktyk w czasie studi\u00f3w oraz sta\u017cu po studiach.","breadcrumb":{"@id":"https:\/\/hubertusvet.pl\/de\/aleksandra-baciurn\/#breadcrumb"},"inLanguage":"de","potentialAction":[{"@type":"ReadAction","target":["https:\/\/hubertusvet.pl\/de\/aleksandra-baciurn\/"]}]},{"@type":"ImageObject","inLanguage":"de","@id":"https:\/\/hubertusvet.pl\/de\/aleksandra-baciurn\/#primaryimage","url":"https:\/\/hubertusvet.pl\/wp-content\/uploads\/2026\/04\/IMG_5029R.jpg","contentUrl":"https:\/\/hubertusvet.pl\/wp-content\/uploads\/2026\/04\/IMG_5029R.jpg"},{"@type":"BreadcrumbList","@id":"https:\/\/hubertusvet.pl\/de\/aleksandra-baciurn\/#breadcrumb","itemListElement":[{"@type":"ListItem","position":1,"name":"Strona g\u0142\u00f3wna","item":"https:\/\/hubertusvet.pl\/de\/"},{"@type":"ListItem","position":2,"name":"Aleksandra Baciurn"}]},{"@type":"WebSite","@id":"https:\/\/hubertusvet.pl\/#website","url":"https:\/\/hubertusvet.pl\/","name":"Hubertus Vet","description":"","publisher":{"@id":"https:\/\/hubertusvet.pl\/#organization"},"potentialAction":[{"@type":"SearchAction","target":{"@type":"EntryPoint","urlTemplate":"https:\/\/hubertusvet.pl\/?s={search_term_string}"},"query-input":{"@type":"PropertyValueSpecification","valueRequired":true,"valueName":"search_term_string"}}],"inLanguage":"de"},{"@type":"Organization","@id":"https:\/\/hubertusvet.pl\/#organization","name":"Hubertus Vet","url":"https:\/\/hubertusvet.pl\/","logo":{"@type":"ImageObject","inLanguage":"de","@id":"https:\/\/hubertusvet.pl\/#\/schema\/logo\/image\/","url":"https:\/\/hubertusvet.pl\/wp-content\/uploads\/2024\/06\/Hubertus-Vet-logoN500x300.png","contentUrl":"https:\/\/hubertusvet.pl\/wp-content\/uploads\/2024\/06\/Hubertus-Vet-logoN500x300.png","width":500,"height":331,"caption":"Hubertus Vet"},"image":{"@id":"https:\/\/hubertusvet.pl\/#\/schema\/logo\/image\/"}}]}},"_links":{"self":[{"href":"https:\/\/hubertusvet.pl\/de\/wp-json\/wp\/v2\/pages\/2246","targetHints":{"allow":["GET"]}}],"collection":[{"href":"https:\/\/hubertusvet.pl\/de\/wp-json\/wp\/v2\/pages"}],"about":[{"href":"https:\/\/hubertusvet.pl\/de\/wp-json\/wp\/v2\/types\/page"}],"author":[{"embeddable":true,"href":"https:\/\/hubertusvet.pl\/de\/wp-json\/wp\/v2\/users\/1"}],"replies":[{"embeddable":true,"href":"https:\/\/hubertusvet.pl\/de\/wp-json\/wp\/v2\/comments?post=2246"}],"version-history":[{"count":22,"href":"https:\/\/hubertusvet.pl\/de\/wp-json\/wp\/v2\/pages\/2246\/revisions"}],"predecessor-version":[{"id":3542,"href":"https:\/\/hubertusvet.pl\/de\/wp-json\/wp\/v2\/pages\/2246\/revisions\/3542"}],"wp:attachment":[{"href":"https:\/\/hubertusvet.pl\/de\/wp-json\/wp\/v2\/media?parent=2246"}],"curies":[{"name":"wp","href":"https:\/\/api.w.org\/{rel}","templated":true}]}}